{"id":1541,"date":"2025-12-05T07:57:51","date_gmt":"2025-12-05T07:57:51","guid":{"rendered":"https:\/\/lamara-estate.com\/?post_type=product&#038;p=1541"},"modified":"2025-12-05T08:08:41","modified_gmt":"2025-12-05T08:08:41","slug":"extra-viergehuile-dolive-500ml-copy","status":"publish","type":"product","link":"https:\/\/lamara-estate.com\/fr\/product\/extra-viergehuile-dolive-500ml-copy\/","title":{"rendered":"<span class=\"top\">Extra vierge<\/span><br>Huile d&rsquo;olive &#8211; 250ml"},"content":{"rendered":"<p>Notre huile d\u2019olive extra vierge figure parmi les meilleures au monde. Et nous ne sommes pas les seuls \u00e0 le dire. Avec une m\u00e9daille d\u2019argent aux SA Olive Awards 2022 (cat\u00e9gorie\u00a0: moyenne), une m\u00e9daille d\u2019or \u00e0 l\u2019Olio Nuovo Liwa South Hemisphere Festival 2022 \u00e0 Abu Dhabi et un label de qualit\u00e9 or de l\u2019Olive Oil Institute 2022 aux Pays-Bas, les sp\u00e9cialistes les plus r\u00e9put\u00e9s du monde s\u2019accordent \u00e0 dire que Lamara fournit une huile d\u2019olive de qualit\u00e9 sup\u00e9rieure.<\/p>\n","protected":false},"excerpt":{"rendered":"<p>Notre huile d\u2019olive extra vierge unique est le r\u00e9sultat de plusieurs d\u00e9cennies de culture soigneuse de notre oliveraie de classe mondiale. Nous utilisons un m\u00e9lange unique de vari\u00e9t\u00e9s vertes Leccino, Frantoio, Mission et Coratina \u2013 des olives cueillies \u00e0 la main et non filtr\u00e9es pour un go\u00fbt extraordinaire. Le r\u00e9sultat est un go\u00fbt bien \u00e9quilibr\u00e9 avec des notes d\u2019artichauts, d\u2019amandes, de tomates et d\u2019herbac\u00e9es vertes.<\/p>\n","protected":false},"featured_media":1545,"comment_status":"closed","ping_status":"closed","template":"","meta":{"_acf_changed":false,"inline_featured_image":false,"neve_meta_sidebar":"","neve_meta_container":"","neve_meta_enable_content_width":"off","neve_meta_content_width":100,"neve_meta_title_alignment":"","neve_meta_author_avatar":"","neve_post_elements_order":"","neve_meta_disable_header":"","neve_meta_disable_footer":"","neve_meta_disable_title":"","neve_meta_reading_time":""},"product_brand":[],"product_cat":[45],"product_tag":[],"class_list":{"0":"post-1541","1":"product","2":"type-product","3":"status-publish","4":"has-post-thumbnail","6":"product_cat-geen-categorie-fr","8":"first","9":"instock","10":"featured","11":"taxable","12":"shipping-taxable","13":"purchasable","14":"product-type-simple"},"acf":[],"yoast_head":"<!-- This site is optimized with the Yoast SEO plugin v27.5 - https:\/\/yoast.com\/product\/yoast-seo-wordpress\/ -->\n<title>Extra viergeHuile d&#039;olive - 250ml - Lamara Estate<\/title>\n<meta name=\"robots\" content=\"index, follow, max-snippet:-1, max-image-preview:large, max-video-preview:-1\" \/>\n<link rel=\"canonical\" href=\"https:\/\/lamara-estate.com\/fr\/product\/extra-viergehuile-dolive-500ml-copy\/\" \/>\n<meta property=\"og:locale\" content=\"fr_FR\" \/>\n<meta property=\"og:type\" content=\"article\" \/>\n<meta property=\"og:title\" content=\"Extra viergeHuile d&#039;olive - 250ml - Lamara Estate\" \/>\n<meta property=\"og:description\" content=\"Notre huile d\u2019olive extra vierge unique est le r\u00e9sultat de plusieurs d\u00e9cennies de culture soigneuse de notre oliveraie de classe mondiale. Nous utilisons un m\u00e9lange unique de vari\u00e9t\u00e9s vertes Leccino, Frantoio, Mission et Coratina \u2013 des olives cueillies \u00e0 la main et non filtr\u00e9es pour un go\u00fbt extraordinaire. Le r\u00e9sultat est un go\u00fbt bien \u00e9quilibr\u00e9 avec des notes d\u2019artichauts, d\u2019amandes, de tomates et d\u2019herbac\u00e9es vertes.\" \/>\n<meta property=\"og:url\" content=\"https:\/\/lamara-estate.com\/fr\/product\/extra-viergehuile-dolive-500ml-copy\/\" \/>\n<meta property=\"og:site_name\" content=\"Lamara Estate\" \/>\n<meta property=\"article:modified_time\" content=\"2025-12-05T08:08:41+00:00\" \/>\n<meta property=\"og:image\" content=\"https:\/\/lamara-estate.com\/wp-content\/uploads\/2025\/12\/250ml.jpg\" \/>\n\t<meta property=\"og:image:width\" content=\"1000\" \/>\n\t<meta property=\"og:image:height\" content=\"1000\" \/>\n\t<meta property=\"og:image:type\" content=\"image\/jpeg\" \/>\n<meta name=\"twitter:card\" content=\"summary_large_image\" \/>\n<meta name=\"twitter:label1\" content=\"Dur\u00e9e de lecture estim\u00e9e\" \/>\n\t<meta name=\"twitter:data1\" content=\"1 minute\" \/>\n<script type=\"application\/ld+json\" class=\"yoast-schema-graph\">{\"@context\":\"https:\\\/\\\/schema.org\",\"@graph\":[{\"@type\":\"WebPage\",\"@id\":\"https:\\\/\\\/lamara-estate.com\\\/fr\\\/product\\\/extra-viergehuile-dolive-500ml-copy\\\/\",\"url\":\"https:\\\/\\\/lamara-estate.com\\\/fr\\\/product\\\/extra-viergehuile-dolive-500ml-copy\\\/\",\"name\":\"Extra vierge Huile d'olive - 250ml - Lamara Estate\",\"isPartOf\":{\"@id\":\"https:\\\/\\\/lamara-estate.com\\\/fr\\\/#website\"},\"primaryImageOfPage\":{\"@id\":\"https:\\\/\\\/lamara-estate.com\\\/fr\\\/product\\\/extra-viergehuile-dolive-500ml-copy\\\/#primaryimage\"},\"image\":{\"@id\":\"https:\\\/\\\/lamara-estate.com\\\/fr\\\/product\\\/extra-viergehuile-dolive-500ml-copy\\\/#primaryimage\"},\"thumbnailUrl\":\"https:\\\/\\\/lamara-estate.com\\\/wp-content\\\/uploads\\\/2025\\\/12\\\/250ml.jpg\",\"datePublished\":\"2025-12-05T07:57:51+00:00\",\"dateModified\":\"2025-12-05T08:08:41+00:00\",\"breadcrumb\":{\"@id\":\"https:\\\/\\\/lamara-estate.com\\\/fr\\\/product\\\/extra-viergehuile-dolive-500ml-copy\\\/#breadcrumb\"},\"inLanguage\":\"fr-FR\",\"potentialAction\":[{\"@type\":\"ReadAction\",\"target\":[\"https:\\\/\\\/lamara-estate.com\\\/fr\\\/product\\\/extra-viergehuile-dolive-500ml-copy\\\/\"]}]},{\"@type\":\"ImageObject\",\"inLanguage\":\"fr-FR\",\"@id\":\"https:\\\/\\\/lamara-estate.com\\\/fr\\\/product\\\/extra-viergehuile-dolive-500ml-copy\\\/#primaryimage\",\"url\":\"https:\\\/\\\/lamara-estate.com\\\/wp-content\\\/uploads\\\/2025\\\/12\\\/250ml.jpg\",\"contentUrl\":\"https:\\\/\\\/lamara-estate.com\\\/wp-content\\\/uploads\\\/2025\\\/12\\\/250ml.jpg\",\"width\":1000,\"height\":1000},{\"@type\":\"BreadcrumbList\",\"@id\":\"https:\\\/\\\/lamara-estate.com\\\/fr\\\/product\\\/extra-viergehuile-dolive-500ml-copy\\\/#breadcrumb\",\"itemListElement\":[{\"@type\":\"ListItem\",\"position\":1,\"name\":\"Home\",\"item\":\"https:\\\/\\\/lamara-estate.com\\\/fr\\\/\"},{\"@type\":\"ListItem\",\"position\":2,\"name\":\"Boutique\",\"item\":\"https:\\\/\\\/lamara-estate.com\\\/fr\\\/boutique\\\/\"},{\"@type\":\"ListItem\",\"position\":3,\"name\":\"Extra viergeHuile d&#8217;olive &#8211; 250ml\"}]},{\"@type\":\"WebSite\",\"@id\":\"https:\\\/\\\/lamara-estate.com\\\/fr\\\/#website\",\"url\":\"https:\\\/\\\/lamara-estate.com\\\/fr\\\/\",\"name\":\"Lamara Estate\",\"description\":\"Artisanal, premium quality  extra virgin olive oil\",\"publisher\":{\"@id\":\"https:\\\/\\\/lamara-estate.com\\\/fr\\\/#organization\"},\"potentialAction\":[{\"@type\":\"SearchAction\",\"target\":{\"@type\":\"EntryPoint\",\"urlTemplate\":\"https:\\\/\\\/lamara-estate.com\\\/fr\\\/?s={search_term_string}\"},\"query-input\":{\"@type\":\"PropertyValueSpecification\",\"valueRequired\":true,\"valueName\":\"search_term_string\"}}],\"inLanguage\":\"fr-FR\"},{\"@type\":\"Organization\",\"@id\":\"https:\\\/\\\/lamara-estate.com\\\/fr\\\/#organization\",\"name\":\"Lamara Estate\",\"url\":\"https:\\\/\\\/lamara-estate.com\\\/fr\\\/\",\"logo\":{\"@type\":\"ImageObject\",\"inLanguage\":\"fr-FR\",\"@id\":\"https:\\\/\\\/lamara-estate.com\\\/fr\\\/#\\\/schema\\\/logo\\\/image\\\/\",\"url\":\"https:\\\/\\\/lamara-estate.com\\\/wp-content\\\/uploads\\\/2021\\\/11\\\/bosh-and-bordon-logo.svg\",\"contentUrl\":\"https:\\\/\\\/lamara-estate.com\\\/wp-content\\\/uploads\\\/2021\\\/11\\\/bosh-and-bordon-logo.svg\",\"caption\":\"Lamara Estate\"},\"image\":{\"@id\":\"https:\\\/\\\/lamara-estate.com\\\/fr\\\/#\\\/schema\\\/logo\\\/image\\\/\"}}]}<\/script>\n<!-- \/ Yoast SEO plugin. -->","yoast_head_json":{"title":"Extra viergeHuile d'olive - 250ml - Lamara Estate","robots":{"index":"index","follow":"follow","max-snippet":"max-snippet:-1","max-image-preview":"max-image-preview:large","max-video-preview":"max-video-preview:-1"},"canonical":"https:\/\/lamara-estate.com\/fr\/product\/extra-viergehuile-dolive-500ml-copy\/","og_locale":"fr_FR","og_type":"article","og_title":"Extra viergeHuile d'olive - 250ml - Lamara Estate","og_description":"Notre huile d\u2019olive extra vierge unique est le r\u00e9sultat de plusieurs d\u00e9cennies de culture soigneuse de notre oliveraie de classe mondiale. Nous utilisons un m\u00e9lange unique de vari\u00e9t\u00e9s vertes Leccino, Frantoio, Mission et Coratina \u2013 des olives cueillies \u00e0 la main et non filtr\u00e9es pour un go\u00fbt extraordinaire. Le r\u00e9sultat est un go\u00fbt bien \u00e9quilibr\u00e9 avec des notes d\u2019artichauts, d\u2019amandes, de tomates et d\u2019herbac\u00e9es vertes.","og_url":"https:\/\/lamara-estate.com\/fr\/product\/extra-viergehuile-dolive-500ml-copy\/","og_site_name":"Lamara Estate","article_modified_time":"2025-12-05T08:08:41+00:00","og_image":[{"width":1000,"height":1000,"url":"https:\/\/lamara-estate.com\/wp-content\/uploads\/2025\/12\/250ml.jpg","type":"image\/jpeg"}],"twitter_card":"summary_large_image","twitter_misc":{"Dur\u00e9e de lecture estim\u00e9e":"1 minute"},"schema":{"@context":"https:\/\/schema.org","@graph":[{"@type":"WebPage","@id":"https:\/\/lamara-estate.com\/fr\/product\/extra-viergehuile-dolive-500ml-copy\/","url":"https:\/\/lamara-estate.com\/fr\/product\/extra-viergehuile-dolive-500ml-copy\/","name":"Extra vierge Huile d'olive - 250ml - Lamara Estate","isPartOf":{"@id":"https:\/\/lamara-estate.com\/fr\/#website"},"primaryImageOfPage":{"@id":"https:\/\/lamara-estate.com\/fr\/product\/extra-viergehuile-dolive-500ml-copy\/#primaryimage"},"image":{"@id":"https:\/\/lamara-estate.com\/fr\/product\/extra-viergehuile-dolive-500ml-copy\/#primaryimage"},"thumbnailUrl":"https:\/\/lamara-estate.com\/wp-content\/uploads\/2025\/12\/250ml.jpg","datePublished":"2025-12-05T07:57:51+00:00","dateModified":"2025-12-05T08:08:41+00:00","breadcrumb":{"@id":"https:\/\/lamara-estate.com\/fr\/product\/extra-viergehuile-dolive-500ml-copy\/#breadcrumb"},"inLanguage":"fr-FR","potentialAction":[{"@type":"ReadAction","target":["https:\/\/lamara-estate.com\/fr\/product\/extra-viergehuile-dolive-500ml-copy\/"]}]},{"@type":"ImageObject","inLanguage":"fr-FR","@id":"https:\/\/lamara-estate.com\/fr\/product\/extra-viergehuile-dolive-500ml-copy\/#primaryimage","url":"https:\/\/lamara-estate.com\/wp-content\/uploads\/2025\/12\/250ml.jpg","contentUrl":"https:\/\/lamara-estate.com\/wp-content\/uploads\/2025\/12\/250ml.jpg","width":1000,"height":1000},{"@type":"BreadcrumbList","@id":"https:\/\/lamara-estate.com\/fr\/product\/extra-viergehuile-dolive-500ml-copy\/#breadcrumb","itemListElement":[{"@type":"ListItem","position":1,"name":"Home","item":"https:\/\/lamara-estate.com\/fr\/"},{"@type":"ListItem","position":2,"name":"Boutique","item":"https:\/\/lamara-estate.com\/fr\/boutique\/"},{"@type":"ListItem","position":3,"name":"Extra viergeHuile d&#8217;olive &#8211; 250ml"}]},{"@type":"WebSite","@id":"https:\/\/lamara-estate.com\/fr\/#website","url":"https:\/\/lamara-estate.com\/fr\/","name":"Lamara Estate","description":"Artisanal, premium quality  extra virgin olive oil","publisher":{"@id":"https:\/\/lamara-estate.com\/fr\/#organization"},"potentialAction":[{"@type":"SearchAction","target":{"@type":"EntryPoint","urlTemplate":"https:\/\/lamara-estate.com\/fr\/?s={search_term_string}"},"query-input":{"@type":"PropertyValueSpecification","valueRequired":true,"valueName":"search_term_string"}}],"inLanguage":"fr-FR"},{"@type":"Organization","@id":"https:\/\/lamara-estate.com\/fr\/#organization","name":"Lamara Estate","url":"https:\/\/lamara-estate.com\/fr\/","logo":{"@type":"ImageObject","inLanguage":"fr-FR","@id":"https:\/\/lamara-estate.com\/fr\/#\/schema\/logo\/image\/","url":"https:\/\/lamara-estate.com\/wp-content\/uploads\/2021\/11\/bosh-and-bordon-logo.svg","contentUrl":"https:\/\/lamara-estate.com\/wp-content\/uploads\/2021\/11\/bosh-and-bordon-logo.svg","caption":"Lamara Estate"},"image":{"@id":"https:\/\/lamara-estate.com\/fr\/#\/schema\/logo\/image\/"}}]}},"_links":{"self":[{"href":"https:\/\/lamara-estate.com\/fr\/wp-json\/wp\/v2\/product\/1541","targetHints":{"allow":["GET"]}}],"collection":[{"href":"https:\/\/lamara-estate.com\/fr\/wp-json\/wp\/v2\/product"}],"about":[{"href":"https:\/\/lamara-estate.com\/fr\/wp-json\/wp\/v2\/types\/product"}],"replies":[{"embeddable":true,"href":"https:\/\/lamara-estate.com\/fr\/wp-json\/wp\/v2\/comments?post=1541"}],"wp:featuredmedia":[{"embeddable":true,"href":"https:\/\/lamara-estate.com\/fr\/wp-json\/wp\/v2\/media\/1545"}],"wp:attachment":[{"href":"https:\/\/lamara-estate.com\/fr\/wp-json\/wp\/v2\/media?parent=1541"}],"wp:term":[{"taxonomy":"product_brand","embeddable":true,"href":"https:\/\/lamara-estate.com\/fr\/wp-json\/wp\/v2\/product_brand?post=1541"},{"taxonomy":"product_cat","embeddable":true,"href":"https:\/\/lamara-estate.com\/fr\/wp-json\/wp\/v2\/product_cat?post=1541"},{"taxonomy":"product_tag","embeddable":true,"href":"https:\/\/lamara-estate.com\/fr\/wp-json\/wp\/v2\/product_tag?post=1541"}],"curies":[{"name":"wp","href":"https:\/\/api.w.org\/{rel}","templated":true}]}}